{"id":4503,"date":"2014-12-19T11:38:41","date_gmt":"2014-12-19T11:38:41","guid":{"rendered":"http:\/\/www.undsgn.com\/uncode\/?page_id=4503"},"modified":"2023-08-01T18:26:51","modified_gmt":"2023-08-01T18:26:51","slug":"home","status":"publish","type":"page","link":"https:\/\/haciendalosorovales.com\/es\/home\/","title":{"rendered":"Home"},"content":{"rendered":"<div data-parent=\"true\" class=\"vc_row row-container\"><div class=\"row limit-width row-parent\"><div class=\"wpb_row row-inner\"><div class=\"wpb_column pos-top pos-right align_right column_parent col-lg-12 container_book single-internal-gutter\"><div class=\"uncol style-light\"  ><div class=\"uncoltable\"><div class=\"uncell no-block-padding\"><div class=\"uncont\"><span class=\"btn-container animate_when_almost_visible alpha-anim\" ><a href=\"https:\/\/betenerife.com\/accommodations\/hacienda-los-orovales\/\" class=\"custom-link btn btn-custom-typo font-377884 font-weight-600 text-uppercase  border-width-0 btn_book btn-accent btn-round btn-flat btn-shadow btn-shadow-lg btn-icon-left\" target=\"_blank\">BOOK NOW!<\/a><\/span><\/div><\/div><\/div><\/div><\/div><script id=\"script-784140\" data-row=\"script-784140\" type=\"text\/javascript\" class=\"vc_controls\">UNCODE.initRow(document.getElementById(\"script-784140\"));<\/script><\/div><\/div><\/div><div class=\"sb-bg-slider-params sb-slider-data-source-row sb-slider-bg-type-cover\" data-source=\"row\" data-slider_attachments=\"https:\/\/haciendalosorovales.com\/wp-content\/uploads\/2022\/10\/hacienda_los_orovales_4.jpg|https:\/\/haciendalosorovales.com\/wp-content\/uploads\/2022\/10\/hacienda_los_orovales_6.jpg|https:\/\/haciendalosorovales.com\/wp-content\/uploads\/2019\/11\/hacienda_los_orovales_villa_maria_victoria_SALON-1.jpg|https:\/\/haciendalosorovales.com\/wp-content\/uploads\/2022\/10\/hacienda_los_orovales_3.jpg|https:\/\/haciendalosorovales.com\/wp-content\/uploads\/2022\/10\/hacienda_los_orovales_exterior_fachada-con-plataneras-2.jpg|https:\/\/haciendalosorovales.com\/wp-content\/uploads\/2022\/10\/hacienda_los_orovales_8.jpg|https:\/\/haciendalosorovales.com\/wp-content\/uploads\/2022\/10\/hacienda_los_orovales_1.jpg|https:\/\/haciendalosorovales.com\/wp-content\/uploads\/2019\/11\/hacienda_los_orovales_villa_claudia_salon_3-1.jpg|https:\/\/haciendalosorovales.com\/wp-content\/uploads\/2019\/11\/hacienda_los_orovales_villa_maria_victoria_VISTA-VENTANA.jpg|https:\/\/haciendalosorovales.com\/wp-content\/uploads\/2019\/11\/hacienda_los_orovales_villa_maria_victoria_dormitorio-principal-5.jpg|https:\/\/haciendalosorovales.com\/wp-content\/uploads\/2019\/11\/hacienda_los_orovales_villa_maria_victoria_salon-3.jpg\" data-animation_speed=\"750\" data-slide_duration=\"3000\" data-content_vertical_center=\"no\" data-centered_x=\"yes\" data-centered_y=\"yes\"  data-styles=\"\"><\/div><div data-parent=\"true\" class=\"vc_row row-container onepage-section\" data-label=\"Welcome\" data-name=\"welcome\"><div class=\"row-background background-element\" style=\"opacity: 1;\">\n\t\t\t\t\t\t\t\t\t\t\t<div class=\"background-wrapper\">\n\t\t\t\t\t\t\t\t\t\t\t\t<div class=\"background-inner\"><\/div>\n\t\t\t\t\t\t\t\t\t\t\t\t<div class=\"block-bg-overlay style-color-155677-bg\" style=\"opacity: 0.8;\"><\/div>\n\t\t\t\t\t\t\t\t\t\t\t<\/div>\n\t\t\t\t\t\t\t\t\t\t<\/div><div class=\"row full-width row-parent\" data-height-ratio=\"78\"><div class=\"wpb_row row-inner\"><div class=\"wpb_column pos-middle pos-center align_left column_parent col-lg-12 single-internal-gutter\"><div class=\"uncol style-dark\"  ><div class=\"uncoltable\"><div class=\"uncell no-block-padding\"><div class=\"uncont\"><div class=\"vc_row row-internal row-container\"><div class=\"row col-double-gutter row-child\"><div class=\"wpb_row row-inner\"><div class=\"wpb_column pos-middle pos-center align_center align_center_tablet align_center_mobile column_child col-lg-12 col-md-100 no-internal-gutter\"><div class=\"uncol style-dark\" ><div class=\"uncoltable\"><div class=\"uncell no-block-padding\"><div class=\"uncont\" style=\"max-width:75%;\"><div class=\"vc_custom_heading_wrap\"><div class=\"heading-text el-text bottom-t-top animate_when_almost_visible\" data-delay=\"1000\" data-speed=\"600\"><h1 class=\"font-377884 fontsize-195243 font-weight-400 text-color-xsdn-color\" ><span>Esta singular hacienda dedicada al cultivo del pl\u00e1tano data de finales del siglo XIX, momento en el que s inicia la producci\u00f3n bananera en Canarias con fines exportadores.<\/span><\/h1><hr class=\"separator-break\" \/><\/div><div class=\"clear\"><\/div><\/div><\/div><\/div><\/div><\/div><\/div><\/div><\/div><\/div><div class=\"vc_row row-internal row-container\"><div class=\"row col-double-gutter row-child\"><div class=\"wpb_row row-inner\"><div class=\"wpb_column pos-middle pos-center align_center align_center_tablet align_center_mobile column_child col-lg-12 col-md-100 single-internal-gutter\"><div class=\"uncol style-dark\" ><div class=\"uncoltable\"><div class=\"uncell no-block-padding\"><div class=\"uncont\" style=\"max-width:60%;\"><div class=\"vc_custom_heading_wrap\"><div class=\"heading-text el-text bottom-t-top animate_when_almost_visible\" data-delay=\"2000\" data-speed=\"600\"><h5 class=\"h4 font-weight-400\" ><span>Entre sus bancales de plataneras se erige la edificaci\u00f3n principal, una casa de campo a modo de \u201cCottage\u201d ingles que nos recuerda la relevancia hist\u00f3rica de la colonia inglesa asentada en el valle de la Orotava. Con su estilo neog\u00f3tico, esta edificaci\u00f3n sobresale entre el manto verde de las plataneras, en un privilegiado escenario con vistas al volc\u00e1n del Teide y el horizonte azul del Oc\u00e9ano atl\u00e1ntico.<\/span><\/h5><\/div><div class=\"clear\"><\/div><\/div><div class=\"empty-space empty-single\" ><span class=\"empty-space-inner\"><\/span><\/div>\n<span class=\"btn-container btn-inline animate_when_almost_visible bottom-t-top\" data-delay=\"2000\"><a href=\"https:\/\/haciendalosorovales.com\/es\/villas\/\" class=\"custom-link btn border-width-1 btn-default btn-round btn-outline btn-icon-left\" title=\"Rooms\">VER VILLAS<\/a><\/span><\/div><\/div><\/div><\/div><\/div><\/div><\/div><\/div><\/div><\/div><\/div><\/div><\/div><script id=\"script-312414\" data-row=\"script-312414\" type=\"text\/javascript\" class=\"vc_controls\">UNCODE.initRow(document.getElementById(\"script-312414\"));<\/script><\/div><\/div><\/div>","protected":false},"excerpt":{"rendered":"BOOK NOW! This unique hacienda dedicated to the cultivation of bananas dates from the end of the 19th century, when [...]","protected":false},"author":1,"featured_media":0,"parent":0,"menu_order":0,"comment_status":"open","ping_status":"closed","template":"","meta":{"_exactmetrics_skip_tracking":false,"_exactmetrics_sitenote_active":false,"_exactmetrics_sitenote_note":"","_exactmetrics_sitenote_category":0},"_links":{"self":[{"href":"https:\/\/haciendalosorovales.com\/es\/wp-json\/wp\/v2\/pages\/4503"}],"collection":[{"href":"https:\/\/haciendalosorovales.com\/es\/wp-json\/wp\/v2\/pages"}],"about":[{"href":"https:\/\/haciendalosorovales.com\/es\/wp-json\/wp\/v2\/types\/page"}],"author":[{"embeddable":true,"href":"https:\/\/haciendalosorovales.com\/es\/wp-json\/wp\/v2\/users\/1"}],"replies":[{"embeddable":true,"href":"https:\/\/haciendalosorovales.com\/es\/wp-json\/wp\/v2\/comments?post=4503"}],"version-history":[{"count":82,"href":"https:\/\/haciendalosorovales.com\/es\/wp-json\/wp\/v2\/pages\/4503\/revisions"}],"predecessor-version":[{"id":56146,"href":"https:\/\/haciendalosorovales.com\/es\/wp-json\/wp\/v2\/pages\/4503\/revisions\/56146"}],"wp:attachment":[{"href":"https:\/\/haciendalosorovales.com\/es\/wp-json\/wp\/v2\/media?parent=4503"}],"curies":[{"name":"wp","href":"https:\/\/api.w.org\/{rel}","templated":true}]}}